{"id":171,"date":"2017-02-23T13:22:04","date_gmt":"2017-02-23T12:22:04","guid":{"rendered":"http:\/\/www.institution.ndromo41.fr\/institut\/www\/?page_id=171"},"modified":"2024-12-16T19:07:25","modified_gmt":"2024-12-16T18:07:25","slug":"equipe-educative","status":"publish","type":"page","link":"https:\/\/www.institution.ndromo41.fr\/institut\/www\/college\/equipe-educative\/","title":{"rendered":"L&rsquo;\u00e9quipe"},"content":{"rendered":"<p>Le directeur Oivier Daud\u00e9 et toute son \u00e9quipe.<\/p>\n<\/p>\n\n\n<figure class=\"wp-block-image size-large\"><img loading=\"lazy\" decoding=\"async\" width=\"1024\" height=\"768\" src=\"https:\/\/www.institution.ndromo41.fr\/institut\/www\/wp-content\/uploads\/2024\/12\/IMG_5573-1024x768.jpg\" alt=\"\" class=\"wp-image-7666\" srcset=\"https:\/\/www.institution.ndromo41.fr\/institut\/www\/wp-content\/uploads\/2024\/12\/IMG_5573-1024x768.jpg 1024w, https:\/\/www.institution.ndromo41.fr\/institut\/www\/wp-content\/uploads\/2024\/12\/IMG_5573-300x225.jpg 300w, https:\/\/www.institution.ndromo41.fr\/institut\/www\/wp-content\/uploads\/2024\/12\/IMG_5573-768x576.jpg 768w, https:\/\/www.institution.ndromo41.fr\/institut\/www\/wp-content\/uploads\/2024\/12\/IMG_5573-1536x1152.jpg 1536w, https:\/\/www.institution.ndromo41.fr\/institut\/www\/wp-content\/uploads\/2024\/12\/IMG_5573-2048x1536.jpg 2048w, https:\/\/www.institution.ndromo41.fr\/institut\/www\/wp-content\/uploads\/2024\/12\/IMG_5573-678x509.jpg 678w, https:\/\/www.institution.ndromo41.fr\/institut\/www\/wp-content\/uploads\/2024\/12\/IMG_5573-326x245.jpg 326w, https:\/\/www.institution.ndromo41.fr\/institut\/www\/wp-content\/uploads\/2024\/12\/IMG_5573-80x60.jpg 80w\" sizes=\"(max-width: 1024px) 100vw, 1024px\" \/><\/figure>\n","protected":false},"excerpt":{"rendered":"<div class=\"mh-excerpt\"><p>Le directeur Oivier Daud\u00e9 et toute son \u00e9quipe.<\/p>\n<\/div>","protected":false},"author":1,"featured_media":0,"parent":15,"menu_order":2,"comment_status":"closed","ping_status":"closed","template":"","meta":{"footnotes":""},"_links":{"self":[{"href":"https:\/\/www.institution.ndromo41.fr\/institut\/www\/wp-json\/wp\/v2\/pages\/171"}],"collection":[{"href":"https:\/\/www.institution.ndromo41.fr\/institut\/www\/wp-json\/wp\/v2\/pages"}],"about":[{"href":"https:\/\/www.institution.ndromo41.fr\/institut\/www\/wp-json\/wp\/v2\/types\/page"}],"author":[{"embeddable":true,"href":"https:\/\/www.institution.ndromo41.fr\/institut\/www\/wp-json\/wp\/v2\/users\/1"}],"replies":[{"embeddable":true,"href":"https:\/\/www.institution.ndromo41.fr\/institut\/www\/wp-json\/wp\/v2\/comments?post=171"}],"version-history":[{"count":10,"href":"https:\/\/www.institution.ndromo41.fr\/institut\/www\/wp-json\/wp\/v2\/pages\/171\/revisions"}],"predecessor-version":[{"id":7669,"href":"https:\/\/www.institution.ndromo41.fr\/institut\/www\/wp-json\/wp\/v2\/pages\/171\/revisions\/7669"}],"up":[{"embeddable":true,"href":"https:\/\/www.institution.ndromo41.fr\/institut\/www\/wp-json\/wp\/v2\/pages\/15"}],"wp:attachment":[{"href":"https:\/\/www.institution.ndromo41.fr\/institut\/www\/wp-json\/wp\/v2\/media?parent=171"}],"curies":[{"name":"wp","href":"https:\/\/api.w.org\/{rel}","templated":true}]}}