{"id":188,"date":"2017-02-23T13:57:05","date_gmt":"2017-02-23T12:57:05","guid":{"rendered":"http:\/\/www.institution.ndromo41.fr\/institut\/www\/?page_id=188"},"modified":"2025-07-07T11:18:58","modified_gmt":"2025-07-07T09:18:58","slug":"histoire-de-letablissement","status":"publish","type":"page","link":"https:\/\/www.institution.ndromo41.fr\/institut\/www\/presentation-de-letablissement-2\/histoire-de-letablissement\/","title":{"rendered":"Historique"},"content":{"rendered":"<div id=\"main\" class=\"site-main\">\n<div id=\"main-content\" class=\"main-content\">\n<div id=\"primary\" class=\"content-area\">\n<div id=\"content\" class=\"site-content\">\n<article id=\"post-34\" class=\"post-34 page type-page status-publish hentry\">\n<div class=\"entry-content\">\n<h2>A l\u2019origine<\/h2>\n<p>Th\u00e9r\u00e8se Boursy, institutrice demeurant \u00e0 Saint-Germain-en-Laye, a l\u2019intention d\u2019ouvrir une \u00e9cole libre de jeunes filles pour l\u2019enseignement primaire\u00a0et secondaire en 1859. La congr\u00e9gation de la Nativit\u00e9 s\u2019installe \u00e0 Romorantin pour permettre aux jeunes filles de poursuivre leurs \u00e9tudes jusqu\u2019au\u00a0brevet \u00e9l\u00e9mentaire. \u00ab\u00a0La Nativit\u00e9\u00a0\u00bb est n\u00e9e, annexe de la Nativit\u00e9 de la Sainte Vierge \u00e0 Saint-Germain-en-Laye. L\u2019achat d\u2019une grande maison bourgeoise\u00a0par Eug\u00e8ne Joulin en 1875 permet la cr\u00e9ation du pensionnat Saint-Joseph. Le succ\u00e8s est imm\u00e9diat.<\/p>\n<h2>Quelques dates<\/h2>\n<p>1843 Fondation de l\u2019\u00e9cole Normant qui fusionnera avec la Nativit\u00e9 en 1957.<\/p>\n<p>1881 Soeur Saint Celestin prend la direction de la Nativit\u00e9, le pensionnat est tr\u00e8s renomm\u00e9.<\/p>\n<p>1882 Fondation de l\u2019\u00e9cole libre du Bourgeau ferm\u00e9e en 1952. Sa directrice prendra alors la direction de l\u2019\u00e9cole Normant.<\/p>\n<p>1904 Les religieuses de la Nativit\u00e9 ouvrent un externat mais sont contraintes de reprendre\u00a0leur identit\u00e9 civile. Les b\u00e2timents sont mis sous s\u00e9questre.<\/p>\n<p>1905 Madame Normant rach\u00e8te la maison des Soeurs et le pensionnat peut rouvrir tenu\u00a0par des la\u00efques. Les religieuses y reviennent d\u00e8s 1911.<\/p>\n<p>1914 et 1939 Les \u00e9coles Saint-Joseph et La Nativit\u00e9 sont r\u00e9quisitionn\u00e9es et transform\u00e9es en h\u00f4pital\u00a0militaire mais les cours se poursuivent dans les d\u00e9pendances.<\/p>\n<p>1952 La Nativit\u00e9 ouvre un cours compl\u00e9mentaire puis une \u00e9cole m\u00e9nag\u00e8re et des cours\u00a0commerciaux.<\/p>\n<p>1955 Les Soeurs de Saint-Germain-en-Laye s\u2019unissent \u00e0 la congr\u00e9gation des Soeurs de Notre-\u00a0Dame de Namur.<\/p>\n<p>1956 L\u2019\u00e9tablissement est rachet\u00e9 par la congr\u00e9gation de l\u2019Union Chr\u00e9tienne de Saint-Chaumond encore pr\u00e9sente aujourd\u2019hui.<\/p>\n<p>1968 Les classes de coll\u00e8ge de Saint-Joseph et de Notre-Dame sont r\u00e9unies mais la mixit\u00e9\u00a0en primaire date de 1974.<\/p>\n<\/div>\n<\/article>\n<\/div>\n<\/div>\n<\/div>\n<\/div>\n<footer id=\"colophon\" class=\"site-footer\"><\/footer>\n","protected":false},"excerpt":{"rendered":"<div class=\"mh-excerpt\"><p>A l\u2019origine Th\u00e9r\u00e8se Boursy, institutrice demeurant \u00e0 Saint-Germain-en-Laye, a l\u2019intention d\u2019ouvrir une \u00e9cole libre de jeunes filles pour l\u2019enseignement primaire\u00a0et secondaire en 1859. La congr\u00e9gation <a class=\"mh-excerpt-more\" href=\"https:\/\/www.institution.ndromo41.fr\/institut\/www\/presentation-de-letablissement-2\/histoire-de-letablissement\/\" title=\"Historique\">[&#8230;]<\/a><\/p>\n<\/div>","protected":false},"author":1,"featured_media":0,"parent":186,"menu_order":0,"comment_status":"closed","ping_status":"closed","template":"","meta":{"footnotes":""},"_links":{"self":[{"href":"https:\/\/www.institution.ndromo41.fr\/institut\/www\/wp-json\/wp\/v2\/pages\/188"}],"collection":[{"href":"https:\/\/www.institution.ndromo41.fr\/institut\/www\/wp-json\/wp\/v2\/pages"}],"about":[{"href":"https:\/\/www.institution.ndromo41.fr\/institut\/www\/wp-json\/wp\/v2\/types\/page"}],"author":[{"embeddable":true,"href":"https:\/\/www.institution.ndromo41.fr\/institut\/www\/wp-json\/wp\/v2\/users\/1"}],"replies":[{"embeddable":true,"href":"https:\/\/www.institution.ndromo41.fr\/institut\/www\/wp-json\/wp\/v2\/comments?post=188"}],"version-history":[{"count":3,"href":"https:\/\/www.institution.ndromo41.fr\/institut\/www\/wp-json\/wp\/v2\/pages\/188\/revisions"}],"predecessor-version":[{"id":7694,"href":"https:\/\/www.institution.ndromo41.fr\/institut\/www\/wp-json\/wp\/v2\/pages\/188\/revisions\/7694"}],"up":[{"embeddable":true,"href":"https:\/\/www.institution.ndromo41.fr\/institut\/www\/wp-json\/wp\/v2\/pages\/186"}],"wp:attachment":[{"href":"https:\/\/www.institution.ndromo41.fr\/institut\/www\/wp-json\/wp\/v2\/media?parent=188"}],"curies":[{"name":"wp","href":"https:\/\/api.w.org\/{rel}","templated":true}]}}