{"id":252,"date":"2017-02-23T17:03:16","date_gmt":"2017-02-23T16:03:16","guid":{"rendered":"http:\/\/www.institution.ndromo41.fr\/institut\/www\/?page_id=252"},"modified":"2018-10-08T21:01:42","modified_gmt":"2018-10-08T19:01:42","slug":"le-calendrier-des-competitions","status":"publish","type":"page","link":"https:\/\/www.institution.ndromo41.fr\/institut\/www\/college\/association-sportive\/le-calendrier-des-competitions\/","title":{"rendered":"Le calendrier des comp\u00e9titions"},"content":{"rendered":"<p>Le calendrier des comp\u00e9titions sera publi\u00e9 prochainement<\/p>\n<p>&nbsp;<\/p>\n","protected":false},"excerpt":{"rendered":"<div class=\"mh-excerpt\"><p>Le calendrier des comp\u00e9titions sera publi\u00e9 prochainement &nbsp;<\/p>\n<\/div>","protected":false},"author":1,"featured_media":0,"parent":62,"menu_order":2,"comment_status":"closed","ping_status":"closed","template":"template-full.php","meta":{"footnotes":""},"_links":{"self":[{"href":"https:\/\/www.institution.ndromo41.fr\/institut\/www\/wp-json\/wp\/v2\/pages\/252"}],"collection":[{"href":"https:\/\/www.institution.ndromo41.fr\/institut\/www\/wp-json\/wp\/v2\/pages"}],"about":[{"href":"https:\/\/www.institution.ndromo41.fr\/institut\/www\/wp-json\/wp\/v2\/types\/page"}],"author":[{"embeddable":true,"href":"https:\/\/www.institution.ndromo41.fr\/institut\/www\/wp-json\/wp\/v2\/users\/1"}],"replies":[{"embeddable":true,"href":"https:\/\/www.institution.ndromo41.fr\/institut\/www\/wp-json\/wp\/v2\/comments?post=252"}],"version-history":[{"count":6,"href":"https:\/\/www.institution.ndromo41.fr\/institut\/www\/wp-json\/wp\/v2\/pages\/252\/revisions"}],"predecessor-version":[{"id":2823,"href":"https:\/\/www.institution.ndromo41.fr\/institut\/www\/wp-json\/wp\/v2\/pages\/252\/revisions\/2823"}],"up":[{"embeddable":true,"href":"https:\/\/www.institution.ndromo41.fr\/institut\/www\/wp-json\/wp\/v2\/pages\/62"}],"wp:attachment":[{"href":"https:\/\/www.institution.ndromo41.fr\/institut\/www\/wp-json\/wp\/v2\/media?parent=252"}],"curies":[{"name":"wp","href":"https:\/\/api.w.org\/{rel}","templated":true}]}}