{"id":372,"date":"2017-08-29T19:16:33","date_gmt":"2017-08-29T17:16:33","guid":{"rendered":"http:\/\/www.institution.ndromo41.fr\/institut\/www\/?page_id=372"},"modified":"2017-08-29T19:17:49","modified_gmt":"2017-08-29T17:17:49","slug":"les-60-ans","status":"publish","type":"page","link":"https:\/\/www.institution.ndromo41.fr\/institut\/www\/presentation-de-letablissement-2\/les-60-ans\/","title":{"rendered":"Les 60 ans"},"content":{"rendered":"<p>En avril 2017, l&rsquo;institution a f\u00e9t\u00e9 les 60 ans de la pr\u00e9sence des soeurs de l&rsquo;Union-Chr\u00e9tienne de Saint Chaumond dans l&rsquo;\u00e9tablissement.<\/p>\n<p>Voici ci-joint le texte lu par la M\u00e8re Sup\u00e9rieure \u00e0 l&rsquo;issue de la Messe d&rsquo;action de gr\u00e2ce.<\/p>\n<p><a href=\"https:\/\/www.institution.ndromo41.fr\/institut\/www\/wp-content\/uploads\/2017\/08\/doc03866220170829153037.pdf\" target=\"_blank\" rel=\"noopener\">Cliquer sur le lien pour lire le texte <\/a><\/p>\n<p>Quelques mots d&rsquo;anciens \u00e9l\u00e8ves ou parents dans les cahiers souvenirs<\/p>\n<p><a href=\"https:\/\/www.institution.ndromo41.fr\/institut\/www\/wp-content\/uploads\/2017\/08\/cahier-souvenir1.pdf\" target=\"_blank\" rel=\"noopener\">cahier souvenir1<\/a><\/p>\n<p><a href=\"https:\/\/www.institution.ndromo41.fr\/institut\/www\/wp-content\/uploads\/2017\/08\/cahier-souvenir2.pdf\" target=\"_blank\" rel=\"noopener\">cahier souvenir2<\/a><\/p>\n<p><a href=\"https:\/\/www.institution.ndromo41.fr\/institut\/www\/wp-content\/uploads\/2017\/08\/cahier-souvenir3-2.pdf\" target=\"_blank\" rel=\"noopener\">cahier souvenir3<\/a><\/p>\n<p>&nbsp;<\/p>\n","protected":false},"excerpt":{"rendered":"<div class=\"mh-excerpt\"><p>En avril 2017, l&rsquo;institution a f\u00e9t\u00e9 les 60 ans de la pr\u00e9sence des soeurs de l&rsquo;Union-Chr\u00e9tienne de Saint Chaumond dans l&rsquo;\u00e9tablissement. Voici ci-joint le texte <a class=\"mh-excerpt-more\" href=\"https:\/\/www.institution.ndromo41.fr\/institut\/www\/presentation-de-letablissement-2\/les-60-ans\/\" title=\"Les 60 ans\">[&#8230;]<\/a><\/p>\n<\/div>","protected":false},"author":1,"featured_media":0,"parent":186,"menu_order":3,"comment_status":"closed","ping_status":"closed","template":"template-full.php","meta":{"footnotes":""},"_links":{"self":[{"href":"https:\/\/www.institution.ndromo41.fr\/institut\/www\/wp-json\/wp\/v2\/pages\/372"}],"collection":[{"href":"https:\/\/www.institution.ndromo41.fr\/institut\/www\/wp-json\/wp\/v2\/pages"}],"about":[{"href":"https:\/\/www.institution.ndromo41.fr\/institut\/www\/wp-json\/wp\/v2\/types\/page"}],"author":[{"embeddable":true,"href":"https:\/\/www.institution.ndromo41.fr\/institut\/www\/wp-json\/wp\/v2\/users\/1"}],"replies":[{"embeddable":true,"href":"https:\/\/www.institution.ndromo41.fr\/institut\/www\/wp-json\/wp\/v2\/comments?post=372"}],"version-history":[{"count":2,"href":"https:\/\/www.institution.ndromo41.fr\/institut\/www\/wp-json\/wp\/v2\/pages\/372\/revisions"}],"predecessor-version":[{"id":378,"href":"https:\/\/www.institution.ndromo41.fr\/institut\/www\/wp-json\/wp\/v2\/pages\/372\/revisions\/378"}],"up":[{"embeddable":true,"href":"https:\/\/www.institution.ndromo41.fr\/institut\/www\/wp-json\/wp\/v2\/pages\/186"}],"wp:attachment":[{"href":"https:\/\/www.institution.ndromo41.fr\/institut\/www\/wp-json\/wp\/v2\/media?parent=372"}],"curies":[{"name":"wp","href":"https:\/\/api.w.org\/{rel}","templated":true}]}}