{"id":511,"date":"2017-09-07T14:51:28","date_gmt":"2017-09-07T12:51:28","guid":{"rendered":"http:\/\/www.institution.ndromo41.fr\/institut\/www\/?page_id=511"},"modified":"2017-09-09T13:23:05","modified_gmt":"2017-09-09T11:23:05","slug":"ateliers-sportifs","status":"publish","type":"page","link":"https:\/\/www.institution.ndromo41.fr\/institut\/www\/college\/association-sportive\/ateliers-sportifs\/","title":{"rendered":"Entra\u00eenements de l&rsquo;AS"},"content":{"rendered":"<p>Lundi midi\u00a0:Futsal et tennis de table 6<sup>\u00e8me<\/sup>\/5 \u00e8me 12h45\u00a0\/13H45<\/p>\n<p>Mardi midi\u00a0:Futsal et tennis de table 4 \u00e8me \/3 \u00e8me 12h45\/13H45<\/p>\n<p>D\u00e9but des entrainements le lundi 18 septembre.<\/p>\n<p>Les \u00e9l\u00e8ves int\u00e9ress\u00e9s doivent demander\u00a0 une feuille \u00e0 Mme BAILLY Professeur EPS responsable de l\u2019AS\u00a0 ou \u00e0 Mme BOURROUILLOU JAN.<\/p>\n<p>La licence est obligatoire pour \u00a0pour les entrainements du midi .<\/p>\n","protected":false},"excerpt":{"rendered":"<div class=\"mh-excerpt\"><p>Lundi midi\u00a0:Futsal et tennis de table 6\u00e8me\/5 \u00e8me 12h45\u00a0\/13H45 Mardi midi\u00a0:Futsal et tennis de table 4 \u00e8me \/3 \u00e8me 12h45\/13H45 D\u00e9but des entrainements le lundi <a class=\"mh-excerpt-more\" href=\"https:\/\/www.institution.ndromo41.fr\/institut\/www\/college\/association-sportive\/ateliers-sportifs\/\" title=\"Entra\u00eenements de l&rsquo;AS\">[&#8230;]<\/a><\/p>\n<\/div>","protected":false},"author":1,"featured_media":0,"parent":62,"menu_order":1,"comment_status":"closed","ping_status":"closed","template":"template-full.php","meta":{"footnotes":""},"_links":{"self":[{"href":"https:\/\/www.institution.ndromo41.fr\/institut\/www\/wp-json\/wp\/v2\/pages\/511"}],"collection":[{"href":"https:\/\/www.institution.ndromo41.fr\/institut\/www\/wp-json\/wp\/v2\/pages"}],"about":[{"href":"https:\/\/www.institution.ndromo41.fr\/institut\/www\/wp-json\/wp\/v2\/types\/page"}],"author":[{"embeddable":true,"href":"https:\/\/www.institution.ndromo41.fr\/institut\/www\/wp-json\/wp\/v2\/users\/1"}],"replies":[{"embeddable":true,"href":"https:\/\/www.institution.ndromo41.fr\/institut\/www\/wp-json\/wp\/v2\/comments?post=511"}],"version-history":[{"count":2,"href":"https:\/\/www.institution.ndromo41.fr\/institut\/www\/wp-json\/wp\/v2\/pages\/511\/revisions"}],"predecessor-version":[{"id":516,"href":"https:\/\/www.institution.ndromo41.fr\/institut\/www\/wp-json\/wp\/v2\/pages\/511\/revisions\/516"}],"up":[{"embeddable":true,"href":"https:\/\/www.institution.ndromo41.fr\/institut\/www\/wp-json\/wp\/v2\/pages\/62"}],"wp:attachment":[{"href":"https:\/\/www.institution.ndromo41.fr\/institut\/www\/wp-json\/wp\/v2\/media?parent=511"}],"curies":[{"name":"wp","href":"https:\/\/api.w.org\/{rel}","templated":true}]}}