{"id":5583,"date":"2020-01-29T18:51:20","date_gmt":"2020-01-29T17:51:20","guid":{"rendered":"http:\/\/www.institution.ndromo41.fr\/institut\/www\/?page_id=5583"},"modified":"2023-02-15T16:25:57","modified_gmt":"2023-02-15T15:25:57","slug":"dossier-nouveaux-inscrits","status":"publish","type":"page","link":"https:\/\/www.institution.ndromo41.fr\/institut\/www\/ecole\/dossier-nouveaux-inscrits\/","title":{"rendered":"Formalit\u00e9s d&rsquo;inscription"},"content":{"rendered":"<p>Mise \u00e0 jour ult\u00e8rieurement.<\/p>\n","protected":false},"excerpt":{"rendered":"<div class=\"mh-excerpt\"><p>Mise \u00e0 jour ult\u00e8rieurement.<\/p>\n<\/div>","protected":false},"author":1,"featured_media":0,"parent":19,"menu_order":5,"comment_status":"closed","ping_status":"closed","template":"","meta":{"footnotes":""},"_links":{"self":[{"href":"https:\/\/www.institution.ndromo41.fr\/institut\/www\/wp-json\/wp\/v2\/pages\/5583"}],"collection":[{"href":"https:\/\/www.institution.ndromo41.fr\/institut\/www\/wp-json\/wp\/v2\/pages"}],"about":[{"href":"https:\/\/www.institution.ndromo41.fr\/institut\/www\/wp-json\/wp\/v2\/types\/page"}],"author":[{"embeddable":true,"href":"https:\/\/www.institution.ndromo41.fr\/institut\/www\/wp-json\/wp\/v2\/users\/1"}],"replies":[{"embeddable":true,"href":"https:\/\/www.institution.ndromo41.fr\/institut\/www\/wp-json\/wp\/v2\/comments?post=5583"}],"version-history":[{"count":9,"href":"https:\/\/www.institution.ndromo41.fr\/institut\/www\/wp-json\/wp\/v2\/pages\/5583\/revisions"}],"predecessor-version":[{"id":7369,"href":"https:\/\/www.institution.ndromo41.fr\/institut\/www\/wp-json\/wp\/v2\/pages\/5583\/revisions\/7369"}],"up":[{"embeddable":true,"href":"https:\/\/www.institution.ndromo41.fr\/institut\/www\/wp-json\/wp\/v2\/pages\/19"}],"wp:attachment":[{"href":"https:\/\/www.institution.ndromo41.fr\/institut\/www\/wp-json\/wp\/v2\/media?parent=5583"}],"curies":[{"name":"wp","href":"https:\/\/api.w.org\/{rel}","templated":true}]}}