{"id":5585,"date":"2020-01-29T18:53:28","date_gmt":"2020-01-29T17:53:28","guid":{"rendered":"http:\/\/www.institution.ndromo41.fr\/institut\/www\/?page_id=5585"},"modified":"2025-08-21T15:03:58","modified_gmt":"2025-08-21T13:03:58","slug":"dossier-nouveaux-inscrits","status":"publish","type":"page","link":"https:\/\/www.institution.ndromo41.fr\/institut\/www\/college\/dossier-nouveaux-inscrits\/","title":{"rendered":"Dossier nouveaux inscrits"},"content":{"rendered":"<p>Le dossier vous sera remis lors de l&rsquo;inscription de votre enfant. Merci de prendre rendez- vous avec le directeur aupr\u00e8s du secr\u00e9tariat (02 54 76 00 94) et de faire parvenir \u00e0 l&rsquo;\u00e9tablissement (<a href=\"mailto:direction.college@ndromo41.org\" target=\"_blank\" rel=\"noopener\">direction.college@ndromo41.<wbr \/>org<\/a>) les bulletins scolaires de l&rsquo;ann\u00e9e pr\u00e9c\u00e9dente et l&rsquo;ann\u00e9e en cours.<\/p>\n<p>Merci \u00e9galement de venir \u00e9galement avec le cahier du jour. L&rsquo;inscription se fait toujours en pr\u00e9sence de l&rsquo;enfant.<\/p>\n","protected":false},"excerpt":{"rendered":"<div class=\"mh-excerpt\"><p>Le dossier vous sera remis lors de l&rsquo;inscription de votre enfant. Merci de prendre rendez- vous avec le directeur aupr\u00e8s du secr\u00e9tariat (02 54 76 <a class=\"mh-excerpt-more\" href=\"https:\/\/www.institution.ndromo41.fr\/institut\/www\/college\/dossier-nouveaux-inscrits\/\" title=\"Dossier nouveaux inscrits\">[&#8230;]<\/a><\/p>\n<\/div>","protected":false},"author":1,"featured_media":0,"parent":15,"menu_order":4,"comment_status":"closed","ping_status":"closed","template":"","meta":{"footnotes":""},"_links":{"self":[{"href":"https:\/\/www.institution.ndromo41.fr\/institut\/www\/wp-json\/wp\/v2\/pages\/5585"}],"collection":[{"href":"https:\/\/www.institution.ndromo41.fr\/institut\/www\/wp-json\/wp\/v2\/pages"}],"about":[{"href":"https:\/\/www.institution.ndromo41.fr\/institut\/www\/wp-json\/wp\/v2\/types\/page"}],"author":[{"embeddable":true,"href":"https:\/\/www.institution.ndromo41.fr\/institut\/www\/wp-json\/wp\/v2\/users\/1"}],"replies":[{"embeddable":true,"href":"https:\/\/www.institution.ndromo41.fr\/institut\/www\/wp-json\/wp\/v2\/comments?post=5585"}],"version-history":[{"count":3,"href":"https:\/\/www.institution.ndromo41.fr\/institut\/www\/wp-json\/wp\/v2\/pages\/5585\/revisions"}],"predecessor-version":[{"id":7716,"href":"https:\/\/www.institution.ndromo41.fr\/institut\/www\/wp-json\/wp\/v2\/pages\/5585\/revisions\/7716"}],"up":[{"embeddable":true,"href":"https:\/\/www.institution.ndromo41.fr\/institut\/www\/wp-json\/wp\/v2\/pages\/15"}],"wp:attachment":[{"href":"https:\/\/www.institution.ndromo41.fr\/institut\/www\/wp-json\/wp\/v2\/media?parent=5585"}],"curies":[{"name":"wp","href":"https:\/\/api.w.org\/{rel}","templated":true}]}}