{"id":595,"date":"2017-09-21T14:24:29","date_gmt":"2017-09-21T12:24:29","guid":{"rendered":"http:\/\/www.institution.ndromo41.fr\/institut\/www\/?page_id=595"},"modified":"2023-02-07T11:23:53","modified_gmt":"2023-02-07T10:23:53","slug":"presentation","status":"publish","type":"page","link":"https:\/\/www.institution.ndromo41.fr\/institut\/www\/ecole\/presentation\/","title":{"rendered":"Pr\u00e9sentation"},"content":{"rendered":"<p>L&rsquo;entr\u00e9e des \u00e9l\u00e8ves est situ\u00e9e au 7 Mail de l&rsquo;H\u00f4tel Dieu \u00e0 Romorantin<br \/>\n(face au parking des imp\u00f4ts)<\/p>\n<p>Notre \u00e9cole accueille un peu moins de 200 \u00e9l\u00e8ves, de la TPS (accueil d\u00e8s<br \/>\n2 ans) au CM2.<\/p>\n<p>Elle offre la possibilit\u00e9 d&rsquo;une garderie le matin, d\u00e8s 7h30, et le soir<br \/>\njusqu&rsquo;\u00e0 18h15 (\u00e9tude pour les \u00e9l\u00e8ves \u00e0 partir du CP)<\/p>\n<p>Les religieuses (de l&rsquo;Union Chr\u00e9tienne de Saint Chaumont), par leur vie<br \/>\ndonn\u00e9e au Christ, sont l&rsquo;\u00e2me de notre \u00e9cole et assurent cantine, \u00e9tude,<br \/>\ngarderie et cat\u00e9ch\u00e8se.<\/p>\n<p>Nos priorit\u00e9s p\u00e9dagogiques sont l&rsquo; apprentissage classique des<br \/>\nfondamentaux (lire, \u00e9crire, compter, raisonner), ainsi que l&rsquo;acquisition d&rsquo;une bonne culture g\u00e9n\u00e9rale.<\/p>\n","protected":false},"excerpt":{"rendered":"<div class=\"mh-excerpt\"><p>L&rsquo;entr\u00e9e des \u00e9l\u00e8ves est situ\u00e9e au 7 Mail de l&rsquo;H\u00f4tel Dieu \u00e0 Romorantin (face au parking des imp\u00f4ts) Notre \u00e9cole accueille un peu moins de <a class=\"mh-excerpt-more\" href=\"https:\/\/www.institution.ndromo41.fr\/institut\/www\/ecole\/presentation\/\" title=\"Pr\u00e9sentation\">[&#8230;]<\/a><\/p>\n<\/div>","protected":false},"author":1,"featured_media":0,"parent":19,"menu_order":2,"comment_status":"closed","ping_status":"closed","template":"template-full.php","meta":{"footnotes":""},"_links":{"self":[{"href":"https:\/\/www.institution.ndromo41.fr\/institut\/www\/wp-json\/wp\/v2\/pages\/595"}],"collection":[{"href":"https:\/\/www.institution.ndromo41.fr\/institut\/www\/wp-json\/wp\/v2\/pages"}],"about":[{"href":"https:\/\/www.institution.ndromo41.fr\/institut\/www\/wp-json\/wp\/v2\/types\/page"}],"author":[{"embeddable":true,"href":"https:\/\/www.institution.ndromo41.fr\/institut\/www\/wp-json\/wp\/v2\/users\/1"}],"replies":[{"embeddable":true,"href":"https:\/\/www.institution.ndromo41.fr\/institut\/www\/wp-json\/wp\/v2\/comments?post=595"}],"version-history":[{"count":6,"href":"https:\/\/www.institution.ndromo41.fr\/institut\/www\/wp-json\/wp\/v2\/pages\/595\/revisions"}],"predecessor-version":[{"id":7254,"href":"https:\/\/www.institution.ndromo41.fr\/institut\/www\/wp-json\/wp\/v2\/pages\/595\/revisions\/7254"}],"up":[{"embeddable":true,"href":"https:\/\/www.institution.ndromo41.fr\/institut\/www\/wp-json\/wp\/v2\/pages\/19"}],"wp:attachment":[{"href":"https:\/\/www.institution.ndromo41.fr\/institut\/www\/wp-json\/wp\/v2\/media?parent=595"}],"curies":[{"name":"wp","href":"https:\/\/api.w.org\/{rel}","templated":true}]}}