{"id":64,"date":"2016-10-20T16:51:54","date_gmt":"2016-10-20T14:51:54","guid":{"rendered":"http:\/\/www.institution.ndromo41.fr\/institut\/www\/?page_id=64"},"modified":"2024-12-08T19:39:35","modified_gmt":"2024-12-08T18:39:35","slug":"reglement-interieur","status":"publish","type":"page","link":"https:\/\/www.institution.ndromo41.fr\/institut\/www\/college\/textes-importants\/reglement-interieur\/","title":{"rendered":"R\u00e9glement int\u00e8rieur"},"content":{"rendered":"<p>Voici le r\u00e8glement int\u00e8rieur du coll\u00e8ge pour l&rsquo;ann\u00e9e scolaire 2024-2025<\/p>\n<p>\u00a0<\/p>\n\n\n<div data-wp-interactive=\"core\/file\" class=\"wp-block-file\"><object data-wp-bind--hidden=\"!state.hasPdfPreview\"  class=\"wp-block-file__embed\" data=\"https:\/\/www.institution.ndromo41.fr\/institut\/www\/wp-content\/uploads\/2024\/12\/Diffusion-sur-site-de-MAJ-Reglement-interieur-College-Notre-Dame2024-2025.pdf\" type=\"application\/pdf\" style=\"width:100%;height:600px\" aria-label=\"Contenu embarqu\u00e9 Diffusion-sur-site-de-MAJ-Reglement-interieur-College-Notre-Dame2024-2025.\"><\/object><a id=\"wp-block-file--media-c426d5f0-455b-42d7-a7f0-cea4fe148617\" href=\"https:\/\/www.institution.ndromo41.fr\/institut\/www\/wp-content\/uploads\/2024\/12\/Diffusion-sur-site-de-MAJ-Reglement-interieur-College-Notre-Dame2024-2025.pdf\">Diffusion-sur-site-de-MAJ-Reglement-interieur-College-Notre-Dame2024-2025<\/a><a href=\"https:\/\/www.institution.ndromo41.fr\/institut\/www\/wp-content\/uploads\/2024\/12\/Diffusion-sur-site-de-MAJ-Reglement-interieur-College-Notre-Dame2024-2025.pdf\" class=\"wp-block-file__button wp-element-button\" download aria-describedby=\"wp-block-file--media-c426d5f0-455b-42d7-a7f0-cea4fe148617\">T\u00e9l\u00e9charger<\/a><\/div>\n","protected":false},"excerpt":{"rendered":"<div class=\"mh-excerpt\"><p>Voici le r\u00e8glement int\u00e8rieur du coll\u00e8ge pour l&rsquo;ann\u00e9e scolaire 2024-2025 \u00a0<\/p>\n<\/div>","protected":false},"author":1,"featured_media":0,"parent":636,"menu_order":1,"comment_status":"closed","ping_status":"closed","template":"template-full.php","meta":{"footnotes":""},"_links":{"self":[{"href":"https:\/\/www.institution.ndromo41.fr\/institut\/www\/wp-json\/wp\/v2\/pages\/64"}],"collection":[{"href":"https:\/\/www.institution.ndromo41.fr\/institut\/www\/wp-json\/wp\/v2\/pages"}],"about":[{"href":"https:\/\/www.institution.ndromo41.fr\/institut\/www\/wp-json\/wp\/v2\/types\/page"}],"author":[{"embeddable":true,"href":"https:\/\/www.institution.ndromo41.fr\/institut\/www\/wp-json\/wp\/v2\/users\/1"}],"replies":[{"embeddable":true,"href":"https:\/\/www.institution.ndromo41.fr\/institut\/www\/wp-json\/wp\/v2\/comments?post=64"}],"version-history":[{"count":9,"href":"https:\/\/www.institution.ndromo41.fr\/institut\/www\/wp-json\/wp\/v2\/pages\/64\/revisions"}],"predecessor-version":[{"id":7647,"href":"https:\/\/www.institution.ndromo41.fr\/institut\/www\/wp-json\/wp\/v2\/pages\/64\/revisions\/7647"}],"up":[{"embeddable":true,"href":"https:\/\/www.institution.ndromo41.fr\/institut\/www\/wp-json\/wp\/v2\/pages\/636"}],"wp:attachment":[{"href":"https:\/\/www.institution.ndromo41.fr\/institut\/www\/wp-json\/wp\/v2\/media?parent=64"}],"curies":[{"name":"wp","href":"https:\/\/api.w.org\/{rel}","templated":true}]}}