{"id":7243,"date":"2023-02-05T20:00:06","date_gmt":"2023-02-05T19:00:06","guid":{"rendered":"https:\/\/www.institution.ndromo41.fr\/institut\/www\/?page_id=7243"},"modified":"2023-02-05T20:06:37","modified_gmt":"2023-02-05T19:06:37","slug":"la-chandeleur","status":"publish","type":"page","link":"https:\/\/www.institution.ndromo41.fr\/institut\/www\/vie-spirituelle\/les-grands-moments-de-lannee\/la-chandeleur\/","title":{"rendered":"La Chandeleur"},"content":{"rendered":"\n<p>Tous les ans, la Chandeleur ou Pr\u00e9sentation de J\u00e9sus au Temple   se f\u00eate le 2 f\u00e9vrier, soit 40 jours apr\u00e8s No\u00ebl.  On organisait des processions aux chandelles le jour de la Chandeleur, selon une technique pr\u00e9cise : chaque croyant devait r\u00e9cup\u00e9rer un cierge \u00e0 l&rsquo;\u00e9glise et le ramener chez lui en faisant bien attention \u00e0 le garder allum\u00e9 !<\/p>\n","protected":false},"excerpt":{"rendered":"<div class=\"mh-excerpt\"><p>Tous les ans, la Chandeleur ou Pr\u00e9sentation de J\u00e9sus au Temple se f\u00eate le 2 f\u00e9vrier, soit 40 jours apr\u00e8s No\u00ebl. On organisait des processions <a class=\"mh-excerpt-more\" href=\"https:\/\/www.institution.ndromo41.fr\/institut\/www\/vie-spirituelle\/les-grands-moments-de-lannee\/la-chandeleur\/\" title=\"La Chandeleur\">[&#8230;]<\/a><\/p>\n<\/div>","protected":false},"author":1,"featured_media":0,"parent":239,"menu_order":2,"comment_status":"closed","ping_status":"closed","template":"","meta":{"footnotes":""},"_links":{"self":[{"href":"https:\/\/www.institution.ndromo41.fr\/institut\/www\/wp-json\/wp\/v2\/pages\/7243"}],"collection":[{"href":"https:\/\/www.institution.ndromo41.fr\/institut\/www\/wp-json\/wp\/v2\/pages"}],"about":[{"href":"https:\/\/www.institution.ndromo41.fr\/institut\/www\/wp-json\/wp\/v2\/types\/page"}],"author":[{"embeddable":true,"href":"https:\/\/www.institution.ndromo41.fr\/institut\/www\/wp-json\/wp\/v2\/users\/1"}],"replies":[{"embeddable":true,"href":"https:\/\/www.institution.ndromo41.fr\/institut\/www\/wp-json\/wp\/v2\/comments?post=7243"}],"version-history":[{"count":1,"href":"https:\/\/www.institution.ndromo41.fr\/institut\/www\/wp-json\/wp\/v2\/pages\/7243\/revisions"}],"predecessor-version":[{"id":7244,"href":"https:\/\/www.institution.ndromo41.fr\/institut\/www\/wp-json\/wp\/v2\/pages\/7243\/revisions\/7244"}],"up":[{"embeddable":true,"href":"https:\/\/www.institution.ndromo41.fr\/institut\/www\/wp-json\/wp\/v2\/pages\/239"}],"wp:attachment":[{"href":"https:\/\/www.institution.ndromo41.fr\/institut\/www\/wp-json\/wp\/v2\/media?parent=7243"}],"curies":[{"name":"wp","href":"https:\/\/api.w.org\/{rel}","templated":true}]}}