{"id":78,"date":"2016-10-20T17:00:29","date_gmt":"2016-10-20T15:00:29","guid":{"rendered":"http:\/\/www.institution.ndromo41.fr\/institut\/www\/?page_id=78"},"modified":"2026-02-13T16:22:14","modified_gmt":"2026-02-13T15:22:14","slug":"presentation-de-letablissement","status":"publish","type":"page","link":"https:\/\/www.institution.ndromo41.fr\/institut\/www\/","title":{"rendered":"Accueil"},"content":{"rendered":"\n<div class=\"wp-block-columns is-layout-flex wp-container-core-columns-is-layout-1 wp-block-columns-is-layout-flex\">\n<div class=\"wp-block-column is-layout-flow wp-block-column-is-layout-flow\" style=\"flex-basis:66.66%\">\n<p><strong>Bienvenue sur le site de l&rsquo;Ecole et du Coll\u00e8ge Notre Dame de Romorantin situ\u00e9s dans le Loir et Cher. <\/strong><\/p>\n\n\n\n<p><strong>Nous sommes un \u00e9tablissement sous contrat sous la tutelle de l&rsquo;Union Chr\u00e9tienne de Saint Chaumond de Poitiers.<\/strong><\/p>\n\n\n\n<figure class=\"wp-block-image size-large\"><img loading=\"lazy\" decoding=\"async\" width=\"724\" height=\"1024\" src=\"https:\/\/www.institution.ndromo41.fr\/institut\/www\/wp-content\/uploads\/2026\/02\/JPO-26_03_28-724x1024.jpg\" alt=\"\" class=\"wp-image-7733\" srcset=\"https:\/\/www.institution.ndromo41.fr\/institut\/www\/wp-content\/uploads\/2026\/02\/JPO-26_03_28-724x1024.jpg 724w, https:\/\/www.institution.ndromo41.fr\/institut\/www\/wp-content\/uploads\/2026\/02\/JPO-26_03_28-212x300.jpg 212w, https:\/\/www.institution.ndromo41.fr\/institut\/www\/wp-content\/uploads\/2026\/02\/JPO-26_03_28-768x1086.jpg 768w, https:\/\/www.institution.ndromo41.fr\/institut\/www\/wp-content\/uploads\/2026\/02\/JPO-26_03_28-1086x1536.jpg 1086w, https:\/\/www.institution.ndromo41.fr\/institut\/www\/wp-content\/uploads\/2026\/02\/JPO-26_03_28-1448x2048.jpg 1448w, https:\/\/www.institution.ndromo41.fr\/institut\/www\/wp-content\/uploads\/2026\/02\/JPO-26_03_28-scaled.jpg 1810w\" sizes=\"(max-width: 724px) 100vw, 724px\" \/><\/figure>\n<\/div>\n\n\n\n<div class=\"wp-block-column is-layout-flow wp-block-column-is-layout-flow\" style=\"flex-basis:33.33%\">\n<figure class=\"wp-block-image size-full\"><img loading=\"lazy\" decoding=\"async\" width=\"260\" height=\"252\" src=\"https:\/\/www.institution.ndromo41.fr\/institut\/www\/wp-content\/uploads\/2024\/08\/Logo-ND-1.jpg\" alt=\"\" class=\"wp-image-7616\"\/><\/figure>\n<\/div>\n<\/div>\n\n\n\n<div class=\"wp-block-columns is-layout-flex wp-container-core-columns-is-layout-2 wp-block-columns-is-layout-flex\">\n<div class=\"wp-block-column is-layout-flow wp-block-column-is-layout-flow\">\n<figure class=\"wp-block-embed is-type-wp-embed is-provider-notre-dame-de-romorantin wp-block-embed-notre-dame-de-romorantin\"><div class=\"wp-block-embed__wrapper\">\n<blockquote class=\"wp-embedded-content\" data-secret=\"519K4SiNz7\"><a href=\"https:\/\/www.institution.ndromo41.fr\/institut\/www\/ecole\/fournitures\/fournitures-2019-2020\/\">Fournitures 2024-2025<\/a><\/blockquote><iframe class=\"wp-embedded-content\" sandbox=\"allow-scripts\" security=\"restricted\" style=\"position: absolute; clip: rect(1px, 1px, 1px, 1px);\" title=\"\u00ab\u00a0Fournitures 2024-2025\u00a0\u00bb &#8212;  NOTRE  DAME DE ROMORANTIN\" src=\"https:\/\/www.institution.ndromo41.fr\/institut\/www\/ecole\/fournitures\/fournitures-2019-2020\/embed\/#?secret=TKT2y2XI1W#?secret=519K4SiNz7\" data-secret=\"519K4SiNz7\" width=\"500\" height=\"282\" frameborder=\"0\" marginwidth=\"0\" marginheight=\"0\" scrolling=\"no\"><\/iframe>\n<\/div><\/figure>\n\n\n\n<figure class=\"wp-block-embed is-type-wp-embed is-provider-notre-dame-de-romorantin wp-block-embed-notre-dame-de-romorantin\"><div class=\"wp-block-embed__wrapper\">\n<blockquote class=\"wp-embedded-content\" data-secret=\"qwxgIBrSMd\"><a href=\"https:\/\/www.institution.ndromo41.fr\/institut\/www\/college\/fournitures\/fournitures-6iemes\/\">Fournitures 2024-2025<\/a><\/blockquote><iframe class=\"wp-embedded-content\" sandbox=\"allow-scripts\" security=\"restricted\" style=\"position: absolute; clip: rect(1px, 1px, 1px, 1px);\" title=\"\u00ab\u00a0Fournitures 2024-2025\u00a0\u00bb &#8212;  NOTRE  DAME DE ROMORANTIN\" src=\"https:\/\/www.institution.ndromo41.fr\/institut\/www\/college\/fournitures\/fournitures-6iemes\/embed\/#?secret=WTJ6v421Dh#?secret=qwxgIBrSMd\" data-secret=\"qwxgIBrSMd\" width=\"500\" height=\"282\" frameborder=\"0\" marginwidth=\"0\" marginheight=\"0\" scrolling=\"no\"><\/iframe>\n<\/div><\/figure>\n<\/div>\n<\/div>\n\n\n\n<div dir=\"auto\">&nbsp;<\/div>\n\n\n\n<div dir=\"auto\">&nbsp;<\/div>\n\n\n\n<div class=\"csColumn\" style=\"margin: 0px; padding: 0px; float: left; width: 98.4%;\" data-csstartpoint=\"15\" data-csendpoint=\"960\" data-cswidth=\"98.4%\" data-csid=\"16c090ba-59ac-9332-8018-dc4aea31af0e\"><hr><\/div>\n\n\n\n<div class=\"csRow\">\n<h3 class=\"csColumn\" style=\"margin: 0px; padding: 0px; float: left; width: 98.4%;\" data-csstartpoint=\"15\" data-csendpoint=\"960\" data-cswidth=\"98.4%\" data-csid=\"16c090ba-59ac-9332-8018-dc4aea31af0e\">Pour toute inscription, merci de prendre rendez-vous au 02 54 76 00 94 pour le coll\u00e8ge et au 02 54 76 23 19 pour l\u2019\u00e9cole .<\/h3>\n<h3>&nbsp;<\/h3>\n<div style=\"clear: both; float: none; display: block; visibility: hidden; width: 0px; font-size: 0px; line-height: 0;\">&nbsp;<\/div>\n<\/div>\n\n\n\n<p><\/p>\n\n\n\n<p><\/p>\n","protected":false},"excerpt":{"rendered":"<div class=\"mh-excerpt\"><p>Bienvenue sur le site de l&rsquo;Ecole et du Coll\u00e8ge Notre Dame de Romorantin situ\u00e9s dans le Loir et Cher. Nous sommes un \u00e9tablissement sous contrat <a class=\"mh-excerpt-more\" href=\"https:\/\/www.institution.ndromo41.fr\/institut\/www\/\" title=\"Accueil\">[&#8230;]<\/a><\/p>\n<\/div>","protected":false},"author":1,"featured_media":0,"parent":0,"menu_order":0,"comment_status":"closed","ping_status":"closed","template":"","meta":{"footnotes":""},"_links":{"self":[{"href":"https:\/\/www.institution.ndromo41.fr\/institut\/www\/wp-json\/wp\/v2\/pages\/78"}],"collection":[{"href":"https:\/\/www.institution.ndromo41.fr\/institut\/www\/wp-json\/wp\/v2\/pages"}],"about":[{"href":"https:\/\/www.institution.ndromo41.fr\/institut\/www\/wp-json\/wp\/v2\/types\/page"}],"author":[{"embeddable":true,"href":"https:\/\/www.institution.ndromo41.fr\/institut\/www\/wp-json\/wp\/v2\/users\/1"}],"replies":[{"embeddable":true,"href":"https:\/\/www.institution.ndromo41.fr\/institut\/www\/wp-json\/wp\/v2\/comments?post=78"}],"version-history":[{"count":227,"href":"https:\/\/www.institution.ndromo41.fr\/institut\/www\/wp-json\/wp\/v2\/pages\/78\/revisions"}],"predecessor-version":[{"id":7735,"href":"https:\/\/www.institution.ndromo41.fr\/institut\/www\/wp-json\/wp\/v2\/pages\/78\/revisions\/7735"}],"wp:attachment":[{"href":"https:\/\/www.institution.ndromo41.fr\/institut\/www\/wp-json\/wp\/v2\/media?parent=78"}],"curies":[{"name":"wp","href":"https:\/\/api.w.org\/{rel}","templated":true}]}}